{"id":1064,"date":"2025-05-20T13:22:57","date_gmt":"2025-05-20T13:22:57","guid":{"rendered":"https:\/\/aifioficial.com\/?page_id=1064"},"modified":"2025-05-20T14:15:53","modified_gmt":"2025-05-20T14:15:53","slug":"noticia-3","status":"publish","type":"page","link":"https:\/\/aifioficial.com\/index.php\/noticia-3\/","title":{"rendered":"Noticia 3"},"content":{"rendered":"<div id=\"metaslider-id-1092\" style=\"width: 100%;\" class=\"ml-slider-3-98-0 metaslider metaslider-flex metaslider-1092 ml-slider ms-theme-default-base has-dots-nav\" role=\"region\" aria-roledescription=\"Slideshow\" aria-label=\"Nueva presentaci\u00f3n de diapositivas\" data-width=\"700\">\n    <div id=\"metaslider_container_1092\">\n        <div id=\"metaslider_1092\">\n            <ul class='slides'>\n                <li style=\"display: block; width: 100%;\" class=\"slide-1106 ms-image \" aria-roledescription=\"slide\" aria-label=\"slide-1106\" data-date=\"2025-05-20 14:08:41\"><img fetchpriority=\"high\" decoding=\"async\" src=\"https:\/\/aifioficial.com\/wp-content\/uploads\/2025\/05\/IMG_9708-scaled-700x300.jpg\" height=\"300\" width=\"700\" alt=\"\" class=\"slider-1092 slide-1106\" title=\"IMG_9708\" \/><\/li>\n                <li style=\"display: none; width: 100%;\" class=\"slide-1107 ms-image \" aria-roledescription=\"slide\" aria-label=\"slide-1107\" data-date=\"2025-05-20 14:08:41\"><img decoding=\"async\" src=\"https:\/\/aifioficial.com\/wp-content\/uploads\/2025\/05\/IMG_9722-scaled-700x300.jpg\" height=\"300\" width=\"700\" alt=\"\" class=\"slider-1092 slide-1107\" title=\"IMG_9722\" \/><\/li>\n                <li style=\"display: none; width: 100%;\" class=\"slide-1108 ms-image \" aria-roledescription=\"slide\" aria-label=\"slide-1108\" data-date=\"2025-05-20 14:08:41\"><img decoding=\"async\" src=\"https:\/\/aifioficial.com\/wp-content\/uploads\/2025\/05\/IMG_9945-scaled-700x300.jpg\" height=\"300\" width=\"700\" alt=\"\" class=\"slider-1092 slide-1108\" title=\"IMG_9945\" \/><\/li>\n                <li style=\"display: none; width: 100%;\" class=\"slide-1109 ms-image \" aria-roledescription=\"slide\" aria-label=\"slide-1109\" data-date=\"2025-05-20 14:08:41\"><img loading=\"lazy\" decoding=\"async\" src=\"https:\/\/aifioficial.com\/wp-content\/uploads\/2025\/05\/IMG_9946-1-scaled-700x300.jpg\" height=\"300\" width=\"700\" alt=\"\" class=\"slider-1092 slide-1109\" title=\"IMG_9946\" \/><\/li>\n                <li style=\"display: none; width: 100%;\" class=\"slide-1110 ms-image \" aria-roledescription=\"slide\" aria-label=\"slide-1110\" data-date=\"2025-05-20 14:08:41\"><img loading=\"lazy\" decoding=\"async\" src=\"https:\/\/aifioficial.com\/wp-content\/uploads\/2025\/05\/IMG_9947-scaled-700x300.jpg\" height=\"300\" width=\"700\" alt=\"\" class=\"slider-1092 slide-1110\" title=\"IMG_9947\" \/><\/li>\n            <\/ul>\n        <\/div>\n        \n    <\/div>\n<\/div>\n\n\n\n<p class=\"has-medium-font-size\"><strong>Bolivia confirma participaci\u00f3n en Interclubes de Am\u00e9rica de Brasil<\/strong><\/p>\n\n\n\n<p>Luego de Finalizada la copa Am\u00e9rica, en reuni\u00f3n personal del directorio de AIFI, con Nuestra representante de Bolivia Mar\u00eda de los \u00c1ngeles Ortega, confirm\u00f3 la participaci\u00f3n de Bolivia en la pr\u00f3xima edici\u00f3n del interclubes de Am\u00e9rica que se realizara en Brasil en el mes de octubre 2025.<\/p>\n\n\n\n<p><\/p>\n","protected":false},"excerpt":{"rendered":"<p>Bolivia confirma participaci\u00f3n en Interclubes de Am\u00e9rica de Brasil Luego de Finalizada la copa Am\u00e9rica, en reuni\u00f3n personal del directorio de AIFI, con Nuestra representante de Bolivia Mar\u00eda de los \u00c1ngeles Ortega, confirm\u00f3 la participaci\u00f3n de Bolivia en la pr\u00f3xima edici\u00f3n del interclubes de Am\u00e9rica que se realizara en Brasil en el mes de octubre [&hellip;]<\/p>\n","protected":false},"author":1,"featured_media":0,"parent":0,"menu_order":0,"comment_status":"closed","ping_status":"closed","template":"","meta":{"_monsterinsights_skip_tracking":false,"_monsterinsights_sitenote_active":false,"_monsterinsights_sitenote_note":"","_monsterinsights_sitenote_category":0,"footnotes":""},"class_list":["post-1064","page","type-page","status-publish","hentry"],"aioseo_notices":[],"_links":{"self":[{"href":"https:\/\/aifioficial.com\/index.php\/wp-json\/wp\/v2\/pages\/1064","targetHints":{"allow":["GET"]}}],"collection":[{"href":"https:\/\/aifioficial.com\/index.php\/wp-json\/wp\/v2\/pages"}],"about":[{"href":"https:\/\/aifioficial.com\/index.php\/wp-json\/wp\/v2\/types\/page"}],"author":[{"embeddable":true,"href":"https:\/\/aifioficial.com\/index.php\/wp-json\/wp\/v2\/users\/1"}],"replies":[{"embeddable":true,"href":"https:\/\/aifioficial.com\/index.php\/wp-json\/wp\/v2\/comments?post=1064"}],"version-history":[{"count":4,"href":"https:\/\/aifioficial.com\/index.php\/wp-json\/wp\/v2\/pages\/1064\/revisions"}],"predecessor-version":[{"id":1115,"href":"https:\/\/aifioficial.com\/index.php\/wp-json\/wp\/v2\/pages\/1064\/revisions\/1115"}],"wp:attachment":[{"href":"https:\/\/aifioficial.com\/index.php\/wp-json\/wp\/v2\/media?parent=1064"}],"curies":[{"name":"wp","href":"https:\/\/api.w.org\/{rel}","templated":true}]}}