{"id":1067,"date":"2025-05-20T13:23:12","date_gmt":"2025-05-20T13:23:12","guid":{"rendered":"https:\/\/aifioficial.com\/?page_id=1067"},"modified":"2025-05-20T14:33:46","modified_gmt":"2025-05-20T14:33:46","slug":"noticia-4","status":"publish","type":"page","link":"https:\/\/aifioficial.com\/index.php\/noticia-4\/","title":{"rendered":"Noticia 4"},"content":{"rendered":"<div id=\"metaslider-id-1118\" style=\"width: 100%;\" class=\"ml-slider-3-98-0 metaslider metaslider-flex metaslider-1118 ml-slider ms-theme-default-base has-dots-nav\" role=\"region\" aria-roledescription=\"Slideshow\" aria-label=\"Nueva presentaci\u00f3n de diapositivas\" data-width=\"700\">\n    <div id=\"metaslider_container_1118\">\n        <div id=\"metaslider_1118\">\n            <ul class='slides'>\n                <li style=\"display: block; width: 100%;\" class=\"slide-1124 ms-image \" aria-roledescription=\"slide\" aria-label=\"slide-1124\" data-date=\"2025-05-20 14:19:56\"><img fetchpriority=\"high\" decoding=\"async\" src=\"https:\/\/aifioficial.com\/wp-content\/uploads\/2025\/05\/IMG_0939-scaled-700x300.jpg\" height=\"300\" width=\"700\" alt=\"\" class=\"slider-1118 slide-1124\" title=\"IMG_0939\" \/><\/li>\n                <li style=\"display: none; width: 100%;\" class=\"slide-1125 ms-image \" aria-roledescription=\"slide\" aria-label=\"slide-1125\" data-date=\"2025-05-20 14:19:56\"><img decoding=\"async\" src=\"https:\/\/aifioficial.com\/wp-content\/uploads\/2025\/05\/IMG_0942-scaled-700x300.jpg\" height=\"300\" width=\"700\" alt=\"\" class=\"slider-1118 slide-1125\" title=\"IMG_0942\" \/><\/li>\n                <li style=\"display: none; width: 100%;\" class=\"slide-1126 ms-image \" aria-roledescription=\"slide\" aria-label=\"slide-1126\" data-date=\"2025-05-20 14:19:56\"><img decoding=\"async\" src=\"https:\/\/aifioficial.com\/wp-content\/uploads\/2025\/05\/IMG_0950-scaled-700x300.jpg\" height=\"300\" width=\"700\" alt=\"\" class=\"slider-1118 slide-1126\" title=\"IMG_0950\" \/><\/li>\n                <li style=\"display: none; width: 100%;\" class=\"slide-1127 ms-image \" aria-roledescription=\"slide\" aria-label=\"slide-1127\" data-date=\"2025-05-20 14:19:57\"><img loading=\"lazy\" decoding=\"async\" src=\"https:\/\/aifioficial.com\/wp-content\/uploads\/2025\/05\/IMG_0993-1-scaled-700x300.jpg\" height=\"300\" width=\"700\" alt=\"\" class=\"slider-1118 slide-1127\" title=\"IMG_0993\" \/><\/li>\n                <li style=\"display: none; width: 100%;\" class=\"slide-1128 ms-image \" aria-roledescription=\"slide\" aria-label=\"slide-1128\" data-date=\"2025-05-20 14:19:57\"><img loading=\"lazy\" decoding=\"async\" src=\"https:\/\/aifioficial.com\/wp-content\/uploads\/2025\/05\/Logo-Oficial-Copa-America-3-700x300.jpg\" height=\"300\" width=\"700\" alt=\"\" class=\"slider-1118 slide-1128\" title=\"Logo Oficial Copa Am\u00e9rica\" \/><\/li>\n            <\/ul>\n        <\/div>\n        \n    <\/div>\n<\/div>\n\n\n\n<p class=\"has-medium-font-size\"><strong>Per\u00fa vuelve a sumarse a los torneos de A.I.F.I.<\/strong><\/p>\n\n\n\n<p>Despu\u00e9s de su \u00faltima participaci\u00f3n en la copa Am\u00e9rica Brasil 2023, donde A.I.F.I., tomo la decisi\u00f3n de cambiar el representante, d\u00e1ndole la confianza y responsabilidad al Sr Juan Carlos S\u00e1nchez, quien confirm\u00f3 y aseguro que Per\u00fa estar\u00e1 presente en el pr\u00f3ximo evento de A.I.F.I. en Brasil donde se jugara el Interclubes de Am\u00e9rica para categor\u00edas 2012, 2015 y 2016, en la ciudad de Cambori\u00fa.<\/p>\n\n\n\n<p><\/p>\n","protected":false},"excerpt":{"rendered":"<p>Per\u00fa vuelve a sumarse a los torneos de A.I.F.I. Despu\u00e9s de su \u00faltima participaci\u00f3n en la copa Am\u00e9rica Brasil 2023, donde A.I.F.I., tomo la decisi\u00f3n de cambiar el representante, d\u00e1ndole la confianza y responsabilidad al Sr Juan Carlos S\u00e1nchez, quien confirm\u00f3 y aseguro que Per\u00fa estar\u00e1 presente en el pr\u00f3ximo evento de A.I.F.I. en Brasil [&hellip;]<\/p>\n","protected":false},"author":1,"featured_media":0,"parent":0,"menu_order":0,"comment_status":"closed","ping_status":"closed","template":"","meta":{"_monsterinsights_skip_tracking":false,"_monsterinsights_sitenote_active":false,"_monsterinsights_sitenote_note":"","_monsterinsights_sitenote_category":0,"footnotes":""},"class_list":["post-1067","page","type-page","status-publish","hentry"],"aioseo_notices":[],"_links":{"self":[{"href":"https:\/\/aifioficial.com\/index.php\/wp-json\/wp\/v2\/pages\/1067","targetHints":{"allow":["GET"]}}],"collection":[{"href":"https:\/\/aifioficial.com\/index.php\/wp-json\/wp\/v2\/pages"}],"about":[{"href":"https:\/\/aifioficial.com\/index.php\/wp-json\/wp\/v2\/types\/page"}],"author":[{"embeddable":true,"href":"https:\/\/aifioficial.com\/index.php\/wp-json\/wp\/v2\/users\/1"}],"replies":[{"embeddable":true,"href":"https:\/\/aifioficial.com\/index.php\/wp-json\/wp\/v2\/comments?post=1067"}],"version-history":[{"count":3,"href":"https:\/\/aifioficial.com\/index.php\/wp-json\/wp\/v2\/pages\/1067\/revisions"}],"predecessor-version":[{"id":1131,"href":"https:\/\/aifioficial.com\/index.php\/wp-json\/wp\/v2\/pages\/1067\/revisions\/1131"}],"wp:attachment":[{"href":"https:\/\/aifioficial.com\/index.php\/wp-json\/wp\/v2\/media?parent=1067"}],"curies":[{"name":"wp","href":"https:\/\/api.w.org\/{rel}","templated":true}]}}